{"id":330,"date":"2025-01-18T16:35:21","date_gmt":"2025-01-18T15:35:21","guid":{"rendered":"https:\/\/castelodosmouros.com\/maursky-hrad-v-sintre\/"},"modified":"2025-10-07T16:02:16","modified_gmt":"2025-10-07T14:02:16","slug":"maursky-hrad-v-sintre","status":"publish","type":"page","link":"https:\/\/castelodosmouros.com\/cs\/","title":{"rendered":"Maursk\u00fd hrad v Sint\u0159e"},"content":{"rendered":"","protected":false},"excerpt":{"rendered":"","protected":false},"author":1,"featured_media":0,"parent":0,"menu_order":0,"comment_status":"closed","ping_status":"closed","template":"","meta":{"footnotes":""},"class_list":["post-330","page","type-page","status-publish","hentry"],"yoast_head":"<!-- This site is optimized with the Yoast SEO plugin v27.5 - https:\/\/yoast.com\/product\/yoast-seo-wordpress\/ -->\n<title>Maursk\u00fd hrad Sintra : Historie, n\u00e1v\u0161t\u011bvy, vstupenky a rady<\/title>\n<meta name=\"description\" content=\"Prohl\u00e9dn\u011bte si Maursk\u00fd hrad v Sint\u0159e, jeden z klenot\u016f Portugalska. Jeho historie, jak se tam dostat, ceny vstupenek a na\u0161e rady.\" \/>\n<meta name=\"robots\" content=\"index, follow, max-snippet:-1, max-image-preview:large, max-video-preview:-1\" \/>\n<link rel=\"canonical\" href=\"https:\/\/castelodosmouros.com\/cs\/\" \/>\n<meta property=\"og:locale\" content=\"cs_CZ\" \/>\n<meta property=\"og:type\" content=\"article\" \/>\n<meta property=\"og:title\" content=\"Maursk\u00fd hrad Sintra : Historie, n\u00e1v\u0161t\u011bvy, vstupenky a rady\" \/>\n<meta property=\"og:description\" content=\"Prohl\u00e9dn\u011bte si Maursk\u00fd hrad v Sint\u0159e, jeden z klenot\u016f Portugalska. Jeho historie, jak se tam dostat, ceny vstupenek a na\u0161e rady.\" \/>\n<meta property=\"og:url\" content=\"https:\/\/castelodosmouros.com\/cs\/\" \/>\n<meta property=\"og:site_name\" content=\"CASTELO DOS MOUROS\" \/>\n<meta property=\"article:modified_time\" content=\"2025-10-07T14:02:16+00:00\" \/>\n<meta property=\"og:image\" content=\"https:\/\/castelodosmouros.com\/wp-content\/uploads\/2025\/01\/sintra-portugal-castles-2023-11-27-05-21-05-utc-scaled.jpg\" \/>\n\t<meta property=\"og:image:width\" content=\"2560\" \/>\n\t<meta property=\"og:image:height\" content=\"1709\" \/>\n\t<meta property=\"og:image:type\" content=\"image\/jpeg\" \/>\n<meta name=\"twitter:card\" content=\"summary_large_image\" \/>\n<meta name=\"twitter:label1\" content=\"Odhadovan\u00e1 doba \u010dten\u00ed\" \/>\n\t<meta name=\"twitter:data1\" content=\"6 minut\" \/>\n<script type=\"application\/ld+json\" class=\"yoast-schema-graph\">{\"@context\":\"https:\\\/\\\/schema.org\",\"@graph\":[{\"@type\":\"WebPage\",\"@id\":\"https:\\\/\\\/castelodosmouros.com\\\/cs\\\/\",\"url\":\"https:\\\/\\\/castelodosmouros.com\\\/cs\\\/\",\"name\":\"Maursk\u00fd hrad Sintra : Historie, n\u00e1v\u0161t\u011bvy, vstupenky a rady\",\"isPartOf\":{\"@id\":\"https:\\\/\\\/castelodosmouros.com\\\/cs\\\/#website\"},\"datePublished\":\"2025-01-18T15:35:21+00:00\",\"dateModified\":\"2025-10-07T14:02:16+00:00\",\"description\":\"Prohl\u00e9dn\u011bte si Maursk\u00fd hrad v Sint\u0159e, jeden z klenot\u016f Portugalska. Jeho historie, jak se tam dostat, ceny vstupenek a na\u0161e rady.\",\"breadcrumb\":{\"@id\":\"https:\\\/\\\/castelodosmouros.com\\\/cs\\\/#breadcrumb\"},\"inLanguage\":\"cs\",\"potentialAction\":[{\"@type\":\"ReadAction\",\"target\":[\"https:\\\/\\\/castelodosmouros.com\\\/cs\\\/\"]}]},{\"@type\":\"BreadcrumbList\",\"@id\":\"https:\\\/\\\/castelodosmouros.com\\\/cs\\\/#breadcrumb\",\"itemListElement\":[{\"@type\":\"ListItem\",\"position\":1,\"name\":\"Accueil\",\"item\":\"https:\\\/\\\/castelodosmouros.com\\\/cs\\\/maursky-hrad-v-sintre\\\/\"},{\"@type\":\"ListItem\",\"position\":2,\"name\":\"Maursk\u00fd hrad v Sint\u0159e\"}]},{\"@type\":\"WebSite\",\"@id\":\"https:\\\/\\\/castelodosmouros.com\\\/cs\\\/#website\",\"url\":\"https:\\\/\\\/castelodosmouros.com\\\/cs\\\/\",\"name\":\"CASTELO DOS MOUROS\",\"description\":\"Sintra\",\"potentialAction\":[{\"@type\":\"SearchAction\",\"target\":{\"@type\":\"EntryPoint\",\"urlTemplate\":\"https:\\\/\\\/castelodosmouros.com\\\/cs\\\/?s={search_term_string}\"},\"query-input\":{\"@type\":\"PropertyValueSpecification\",\"valueRequired\":true,\"valueName\":\"search_term_string\"}}],\"inLanguage\":\"cs\"}]}<\/script>\n<!-- \/ Yoast SEO plugin. -->","yoast_head_json":{"title":"Maursk\u00fd hrad Sintra : Historie, n\u00e1v\u0161t\u011bvy, vstupenky a rady","description":"Prohl\u00e9dn\u011bte si Maursk\u00fd hrad v Sint\u0159e, jeden z klenot\u016f Portugalska. Jeho historie, jak se tam dostat, ceny vstupenek a na\u0161e rady.","robots":{"index":"index","follow":"follow","max-snippet":"max-snippet:-1","max-image-preview":"max-image-preview:large","max-video-preview":"max-video-preview:-1"},"canonical":"https:\/\/castelodosmouros.com\/cs\/","og_locale":"cs_CZ","og_type":"article","og_title":"Maursk\u00fd hrad Sintra : Historie, n\u00e1v\u0161t\u011bvy, vstupenky a rady","og_description":"Prohl\u00e9dn\u011bte si Maursk\u00fd hrad v Sint\u0159e, jeden z klenot\u016f Portugalska. Jeho historie, jak se tam dostat, ceny vstupenek a na\u0161e rady.","og_url":"https:\/\/castelodosmouros.com\/cs\/","og_site_name":"CASTELO DOS MOUROS","article_modified_time":"2025-10-07T14:02:16+00:00","og_image":[{"width":2560,"height":1709,"url":"https:\/\/castelodosmouros.com\/wp-content\/uploads\/2025\/01\/sintra-portugal-castles-2023-11-27-05-21-05-utc-scaled.jpg","type":"image\/jpeg"}],"twitter_card":"summary_large_image","twitter_misc":{"Odhadovan\u00e1 doba \u010dten\u00ed":"6 minut"},"schema":{"@context":"https:\/\/schema.org","@graph":[{"@type":"WebPage","@id":"https:\/\/castelodosmouros.com\/cs\/","url":"https:\/\/castelodosmouros.com\/cs\/","name":"Maursk\u00fd hrad Sintra : Historie, n\u00e1v\u0161t\u011bvy, vstupenky a rady","isPartOf":{"@id":"https:\/\/castelodosmouros.com\/cs\/#website"},"datePublished":"2025-01-18T15:35:21+00:00","dateModified":"2025-10-07T14:02:16+00:00","description":"Prohl\u00e9dn\u011bte si Maursk\u00fd hrad v Sint\u0159e, jeden z klenot\u016f Portugalska. Jeho historie, jak se tam dostat, ceny vstupenek a na\u0161e rady.","breadcrumb":{"@id":"https:\/\/castelodosmouros.com\/cs\/#breadcrumb"},"inLanguage":"cs","potentialAction":[{"@type":"ReadAction","target":["https:\/\/castelodosmouros.com\/cs\/"]}]},{"@type":"BreadcrumbList","@id":"https:\/\/castelodosmouros.com\/cs\/#breadcrumb","itemListElement":[{"@type":"ListItem","position":1,"name":"Accueil","item":"https:\/\/castelodosmouros.com\/cs\/maursky-hrad-v-sintre\/"},{"@type":"ListItem","position":2,"name":"Maursk\u00fd hrad v Sint\u0159e"}]},{"@type":"WebSite","@id":"https:\/\/castelodosmouros.com\/cs\/#website","url":"https:\/\/castelodosmouros.com\/cs\/","name":"CASTELO DOS MOUROS","description":"Sintra","potentialAction":[{"@type":"SearchAction","target":{"@type":"EntryPoint","urlTemplate":"https:\/\/castelodosmouros.com\/cs\/?s={search_term_string}"},"query-input":{"@type":"PropertyValueSpecification","valueRequired":true,"valueName":"search_term_string"}}],"inLanguage":"cs"}]}},"_links":{"self":[{"href":"https:\/\/castelodosmouros.com\/cs\/wp-json\/wp\/v2\/pages\/330","targetHints":{"allow":["GET"]}}],"collection":[{"href":"https:\/\/castelodosmouros.com\/cs\/wp-json\/wp\/v2\/pages"}],"about":[{"href":"https:\/\/castelodosmouros.com\/cs\/wp-json\/wp\/v2\/types\/page"}],"author":[{"embeddable":true,"href":"https:\/\/castelodosmouros.com\/cs\/wp-json\/wp\/v2\/users\/1"}],"replies":[{"embeddable":true,"href":"https:\/\/castelodosmouros.com\/cs\/wp-json\/wp\/v2\/comments?post=330"}],"version-history":[{"count":2,"href":"https:\/\/castelodosmouros.com\/cs\/wp-json\/wp\/v2\/pages\/330\/revisions"}],"predecessor-version":[{"id":698,"href":"https:\/\/castelodosmouros.com\/cs\/wp-json\/wp\/v2\/pages\/330\/revisions\/698"}],"wp:attachment":[{"href":"https:\/\/castelodosmouros.com\/cs\/wp-json\/wp\/v2\/media?parent=330"}],"curies":[{"name":"wp","href":"https:\/\/api.w.org\/{rel}","templated":true}]}}