{"id":351,"date":"2025-01-18T16:35:21","date_gmt":"2025-01-18T15:35:21","guid":{"rendered":"https:\/\/castelodosmouros.com\/zamek-maurow-w-sintrze\/"},"modified":"2025-10-07T15:44:50","modified_gmt":"2025-10-07T13:44:50","slug":"zamek-maurow-w-sintrze","status":"publish","type":"page","link":"https:\/\/castelodosmouros.com\/pl\/","title":{"rendered":"Zamek Maur\u00f3w w Sintrze"},"content":{"rendered":"","protected":false},"excerpt":{"rendered":"","protected":false},"author":1,"featured_media":0,"parent":0,"menu_order":0,"comment_status":"closed","ping_status":"closed","template":"","meta":{"footnotes":""},"class_list":["post-351","page","type-page","status-publish","hentry"],"yoast_head":"<!-- This site is optimized with the Yoast SEO plugin v27.5 - https:\/\/yoast.com\/product\/yoast-seo-wordpress\/ -->\n<title>Zamek Maur\u00f3w w Sintrze : Historia, zwiedzanie, bilety i porady<\/title>\n<meta name=\"description\" content=\"Poznaj Zamek Maur\u00f3w w Sintrze, jeden z klejnot\u00f3w Portugalii. Jego historia, jak si\u0119 tam dosta\u0107, ceny bilet\u00f3w i nasze porady.\" \/>\n<meta name=\"robots\" content=\"index, follow, max-snippet:-1, max-image-preview:large, max-video-preview:-1\" \/>\n<link rel=\"canonical\" href=\"https:\/\/castelodosmouros.com\/pl\/\" \/>\n<meta property=\"og:locale\" content=\"pl_PL\" \/>\n<meta property=\"og:type\" content=\"article\" \/>\n<meta property=\"og:title\" content=\"Zamek Maur\u00f3w w Sintrze : Historia, zwiedzanie, bilety i porady\" \/>\n<meta property=\"og:description\" content=\"Poznaj Zamek Maur\u00f3w w Sintrze, jeden z klejnot\u00f3w Portugalii. Jego historia, jak si\u0119 tam dosta\u0107, ceny bilet\u00f3w i nasze porady.\" \/>\n<meta property=\"og:url\" content=\"https:\/\/castelodosmouros.com\/pl\/\" \/>\n<meta property=\"og:site_name\" content=\"CASTELO DOS MOUROS\" \/>\n<meta property=\"article:modified_time\" content=\"2025-10-07T13:44:50+00:00\" \/>\n<meta property=\"og:image\" content=\"https:\/\/castelodosmouros.com\/wp-content\/uploads\/2025\/01\/sintra-portugal-castles-2023-11-27-05-21-05-utc-scaled.jpg\" \/>\n\t<meta property=\"og:image:width\" content=\"2560\" \/>\n\t<meta property=\"og:image:height\" content=\"1709\" \/>\n\t<meta property=\"og:image:type\" content=\"image\/jpeg\" \/>\n<meta name=\"twitter:card\" content=\"summary_large_image\" \/>\n<script type=\"application\/ld+json\" class=\"yoast-schema-graph\">{\"@context\":\"https:\\\/\\\/schema.org\",\"@graph\":[{\"@type\":\"WebPage\",\"@id\":\"https:\\\/\\\/castelodosmouros.com\\\/pl\\\/\",\"url\":\"https:\\\/\\\/castelodosmouros.com\\\/pl\\\/\",\"name\":\"Zamek Maur\u00f3w w Sintrze : Historia, zwiedzanie, bilety i porady\",\"isPartOf\":{\"@id\":\"https:\\\/\\\/castelodosmouros.com\\\/pl\\\/#website\"},\"datePublished\":\"2025-01-18T15:35:21+00:00\",\"dateModified\":\"2025-10-07T13:44:50+00:00\",\"description\":\"Poznaj Zamek Maur\u00f3w w Sintrze, jeden z klejnot\u00f3w Portugalii. Jego historia, jak si\u0119 tam dosta\u0107, ceny bilet\u00f3w i nasze porady.\",\"breadcrumb\":{\"@id\":\"https:\\\/\\\/castelodosmouros.com\\\/pl\\\/#breadcrumb\"},\"inLanguage\":\"pl-PL\",\"potentialAction\":[{\"@type\":\"ReadAction\",\"target\":[\"https:\\\/\\\/castelodosmouros.com\\\/pl\\\/\"]}]},{\"@type\":\"BreadcrumbList\",\"@id\":\"https:\\\/\\\/castelodosmouros.com\\\/pl\\\/#breadcrumb\",\"itemListElement\":[{\"@type\":\"ListItem\",\"position\":1,\"name\":\"Accueil\",\"item\":\"https:\\\/\\\/castelodosmouros.com\\\/pl\\\/zamek-maurow-w-sintrze\\\/\"},{\"@type\":\"ListItem\",\"position\":2,\"name\":\"Zamek Maur\u00f3w w Sintrze\"}]},{\"@type\":\"WebSite\",\"@id\":\"https:\\\/\\\/castelodosmouros.com\\\/pl\\\/#website\",\"url\":\"https:\\\/\\\/castelodosmouros.com\\\/pl\\\/\",\"name\":\"CASTELO DOS MOUROS\",\"description\":\"Sintra\",\"potentialAction\":[{\"@type\":\"SearchAction\",\"target\":{\"@type\":\"EntryPoint\",\"urlTemplate\":\"https:\\\/\\\/castelodosmouros.com\\\/pl\\\/?s={search_term_string}\"},\"query-input\":{\"@type\":\"PropertyValueSpecification\",\"valueRequired\":true,\"valueName\":\"search_term_string\"}}],\"inLanguage\":\"pl-PL\"}]}<\/script>\n<!-- \/ Yoast SEO plugin. -->","yoast_head_json":{"title":"Zamek Maur\u00f3w w Sintrze : Historia, zwiedzanie, bilety i porady","description":"Poznaj Zamek Maur\u00f3w w Sintrze, jeden z klejnot\u00f3w Portugalii. Jego historia, jak si\u0119 tam dosta\u0107, ceny bilet\u00f3w i nasze porady.","robots":{"index":"index","follow":"follow","max-snippet":"max-snippet:-1","max-image-preview":"max-image-preview:large","max-video-preview":"max-video-preview:-1"},"canonical":"https:\/\/castelodosmouros.com\/pl\/","og_locale":"pl_PL","og_type":"article","og_title":"Zamek Maur\u00f3w w Sintrze : Historia, zwiedzanie, bilety i porady","og_description":"Poznaj Zamek Maur\u00f3w w Sintrze, jeden z klejnot\u00f3w Portugalii. Jego historia, jak si\u0119 tam dosta\u0107, ceny bilet\u00f3w i nasze porady.","og_url":"https:\/\/castelodosmouros.com\/pl\/","og_site_name":"CASTELO DOS MOUROS","article_modified_time":"2025-10-07T13:44:50+00:00","og_image":[{"width":2560,"height":1709,"url":"https:\/\/castelodosmouros.com\/wp-content\/uploads\/2025\/01\/sintra-portugal-castles-2023-11-27-05-21-05-utc-scaled.jpg","type":"image\/jpeg"}],"twitter_card":"summary_large_image","schema":{"@context":"https:\/\/schema.org","@graph":[{"@type":"WebPage","@id":"https:\/\/castelodosmouros.com\/pl\/","url":"https:\/\/castelodosmouros.com\/pl\/","name":"Zamek Maur\u00f3w w Sintrze : Historia, zwiedzanie, bilety i porady","isPartOf":{"@id":"https:\/\/castelodosmouros.com\/pl\/#website"},"datePublished":"2025-01-18T15:35:21+00:00","dateModified":"2025-10-07T13:44:50+00:00","description":"Poznaj Zamek Maur\u00f3w w Sintrze, jeden z klejnot\u00f3w Portugalii. Jego historia, jak si\u0119 tam dosta\u0107, ceny bilet\u00f3w i nasze porady.","breadcrumb":{"@id":"https:\/\/castelodosmouros.com\/pl\/#breadcrumb"},"inLanguage":"pl-PL","potentialAction":[{"@type":"ReadAction","target":["https:\/\/castelodosmouros.com\/pl\/"]}]},{"@type":"BreadcrumbList","@id":"https:\/\/castelodosmouros.com\/pl\/#breadcrumb","itemListElement":[{"@type":"ListItem","position":1,"name":"Accueil","item":"https:\/\/castelodosmouros.com\/pl\/zamek-maurow-w-sintrze\/"},{"@type":"ListItem","position":2,"name":"Zamek Maur\u00f3w w Sintrze"}]},{"@type":"WebSite","@id":"https:\/\/castelodosmouros.com\/pl\/#website","url":"https:\/\/castelodosmouros.com\/pl\/","name":"CASTELO DOS MOUROS","description":"Sintra","potentialAction":[{"@type":"SearchAction","target":{"@type":"EntryPoint","urlTemplate":"https:\/\/castelodosmouros.com\/pl\/?s={search_term_string}"},"query-input":{"@type":"PropertyValueSpecification","valueRequired":true,"valueName":"search_term_string"}}],"inLanguage":"pl-PL"}]}},"_links":{"self":[{"href":"https:\/\/castelodosmouros.com\/pl\/wp-json\/wp\/v2\/pages\/351","targetHints":{"allow":["GET"]}}],"collection":[{"href":"https:\/\/castelodosmouros.com\/pl\/wp-json\/wp\/v2\/pages"}],"about":[{"href":"https:\/\/castelodosmouros.com\/pl\/wp-json\/wp\/v2\/types\/page"}],"author":[{"embeddable":true,"href":"https:\/\/castelodosmouros.com\/pl\/wp-json\/wp\/v2\/users\/1"}],"replies":[{"embeddable":true,"href":"https:\/\/castelodosmouros.com\/pl\/wp-json\/wp\/v2\/comments?post=351"}],"version-history":[{"count":1,"href":"https:\/\/castelodosmouros.com\/pl\/wp-json\/wp\/v2\/pages\/351\/revisions"}],"predecessor-version":[{"id":704,"href":"https:\/\/castelodosmouros.com\/pl\/wp-json\/wp\/v2\/pages\/351\/revisions\/704"}],"wp:attachment":[{"href":"https:\/\/castelodosmouros.com\/pl\/wp-json\/wp\/v2\/media?parent=351"}],"curies":[{"name":"wp","href":"https:\/\/api.w.org\/{rel}","templated":true}]}}