{"id":336,"date":"2025-01-18T16:35:21","date_gmt":"2025-01-18T15:35:21","guid":{"rendered":"https:\/\/castelodosmouros.com\/castelo-dos-mouros-em-sintra\/"},"modified":"2025-10-07T16:11:17","modified_gmt":"2025-10-07T14:11:17","slug":"castelo-dos-mouros-em-sintra","status":"publish","type":"page","link":"https:\/\/castelodosmouros.com\/pt-pt\/","title":{"rendered":"Castelo dos Mouros em Sintra"},"content":{"rendered":"","protected":false},"excerpt":{"rendered":"","protected":false},"author":1,"featured_media":0,"parent":0,"menu_order":0,"comment_status":"closed","ping_status":"closed","template":"","meta":{"footnotes":""},"class_list":["post-336","page","type-page","status-publish","hentry"],"yoast_head":"<!-- This site is optimized with the Yoast SEO plugin v27.5 - https:\/\/yoast.com\/product\/yoast-seo-wordpress\/ -->\n<title>Sintra Castelo dos Mouros : Hist\u00f3ria, visitas, bilhetes e conselhos<\/title>\n<meta name=\"description\" content=\"Explora o Castelo dos Mouros em Sintra, uma das j\u00f3ias de Portugal. A sua hist\u00f3ria, como l\u00e1 chegar, pre\u00e7os dos bilhetes e os nossos conselhos.\" \/>\n<meta name=\"robots\" content=\"index, follow, max-snippet:-1, max-image-preview:large, max-video-preview:-1\" \/>\n<link rel=\"canonical\" href=\"https:\/\/castelodosmouros.com\/pt-pt\/\" \/>\n<meta property=\"og:locale\" content=\"pt_PT\" \/>\n<meta property=\"og:type\" content=\"article\" \/>\n<meta property=\"og:title\" content=\"Sintra Castelo dos Mouros : Hist\u00f3ria, visitas, bilhetes e conselhos\" \/>\n<meta property=\"og:description\" content=\"Explora o Castelo dos Mouros em Sintra, uma das j\u00f3ias de Portugal. A sua hist\u00f3ria, como l\u00e1 chegar, pre\u00e7os dos bilhetes e os nossos conselhos.\" \/>\n<meta property=\"og:url\" content=\"https:\/\/castelodosmouros.com\/pt-pt\/\" \/>\n<meta property=\"og:site_name\" content=\"CASTELO DOS MOUROS\" \/>\n<meta property=\"article:modified_time\" content=\"2025-10-07T14:11:17+00:00\" \/>\n<meta property=\"og:image\" content=\"https:\/\/castelodosmouros.com\/wp-content\/uploads\/2025\/01\/sintra-portugal-castles-2023-11-27-05-21-05-utc-scaled.jpg\" \/>\n\t<meta property=\"og:image:width\" content=\"2560\" \/>\n\t<meta property=\"og:image:height\" content=\"1709\" \/>\n\t<meta property=\"og:image:type\" content=\"image\/jpeg\" \/>\n<meta name=\"twitter:card\" content=\"summary_large_image\" \/>\n<script type=\"application\/ld+json\" class=\"yoast-schema-graph\">{\"@context\":\"https:\\\/\\\/schema.org\",\"@graph\":[{\"@type\":\"WebPage\",\"@id\":\"https:\\\/\\\/castelodosmouros.com\\\/pt-pt\\\/\",\"url\":\"https:\\\/\\\/castelodosmouros.com\\\/pt-pt\\\/\",\"name\":\"Sintra Castelo dos Mouros : Hist\u00f3ria, visitas, bilhetes e conselhos\",\"isPartOf\":{\"@id\":\"https:\\\/\\\/castelodosmouros.com\\\/pt-pt\\\/#website\"},\"datePublished\":\"2025-01-18T15:35:21+00:00\",\"dateModified\":\"2025-10-07T14:11:17+00:00\",\"description\":\"Explora o Castelo dos Mouros em Sintra, uma das j\u00f3ias de Portugal. A sua hist\u00f3ria, como l\u00e1 chegar, pre\u00e7os dos bilhetes e os nossos conselhos.\",\"breadcrumb\":{\"@id\":\"https:\\\/\\\/castelodosmouros.com\\\/pt-pt\\\/#breadcrumb\"},\"inLanguage\":\"pt-PT\",\"potentialAction\":[{\"@type\":\"ReadAction\",\"target\":[\"https:\\\/\\\/castelodosmouros.com\\\/pt-pt\\\/\"]}]},{\"@type\":\"BreadcrumbList\",\"@id\":\"https:\\\/\\\/castelodosmouros.com\\\/pt-pt\\\/#breadcrumb\",\"itemListElement\":[{\"@type\":\"ListItem\",\"position\":1,\"name\":\"Accueil\",\"item\":\"https:\\\/\\\/castelodosmouros.com\\\/pt-pt\\\/castelo-dos-mouros-em-sintra\\\/\"},{\"@type\":\"ListItem\",\"position\":2,\"name\":\"Castelo dos Mouros em Sintra\"}]},{\"@type\":\"WebSite\",\"@id\":\"https:\\\/\\\/castelodosmouros.com\\\/pt-pt\\\/#website\",\"url\":\"https:\\\/\\\/castelodosmouros.com\\\/pt-pt\\\/\",\"name\":\"CASTELO DOS MOUROS\",\"description\":\"Sintra\",\"potentialAction\":[{\"@type\":\"SearchAction\",\"target\":{\"@type\":\"EntryPoint\",\"urlTemplate\":\"https:\\\/\\\/castelodosmouros.com\\\/pt-pt\\\/?s={search_term_string}\"},\"query-input\":{\"@type\":\"PropertyValueSpecification\",\"valueRequired\":true,\"valueName\":\"search_term_string\"}}],\"inLanguage\":\"pt-PT\"}]}<\/script>\n<!-- \/ Yoast SEO plugin. -->","yoast_head_json":{"title":"Sintra Castelo dos Mouros : Hist\u00f3ria, visitas, bilhetes e conselhos","description":"Explora o Castelo dos Mouros em Sintra, uma das j\u00f3ias de Portugal. A sua hist\u00f3ria, como l\u00e1 chegar, pre\u00e7os dos bilhetes e os nossos conselhos.","robots":{"index":"index","follow":"follow","max-snippet":"max-snippet:-1","max-image-preview":"max-image-preview:large","max-video-preview":"max-video-preview:-1"},"canonical":"https:\/\/castelodosmouros.com\/pt-pt\/","og_locale":"pt_PT","og_type":"article","og_title":"Sintra Castelo dos Mouros : Hist\u00f3ria, visitas, bilhetes e conselhos","og_description":"Explora o Castelo dos Mouros em Sintra, uma das j\u00f3ias de Portugal. A sua hist\u00f3ria, como l\u00e1 chegar, pre\u00e7os dos bilhetes e os nossos conselhos.","og_url":"https:\/\/castelodosmouros.com\/pt-pt\/","og_site_name":"CASTELO DOS MOUROS","article_modified_time":"2025-10-07T14:11:17+00:00","og_image":[{"width":2560,"height":1709,"url":"https:\/\/castelodosmouros.com\/wp-content\/uploads\/2025\/01\/sintra-portugal-castles-2023-11-27-05-21-05-utc-scaled.jpg","type":"image\/jpeg"}],"twitter_card":"summary_large_image","schema":{"@context":"https:\/\/schema.org","@graph":[{"@type":"WebPage","@id":"https:\/\/castelodosmouros.com\/pt-pt\/","url":"https:\/\/castelodosmouros.com\/pt-pt\/","name":"Sintra Castelo dos Mouros : Hist\u00f3ria, visitas, bilhetes e conselhos","isPartOf":{"@id":"https:\/\/castelodosmouros.com\/pt-pt\/#website"},"datePublished":"2025-01-18T15:35:21+00:00","dateModified":"2025-10-07T14:11:17+00:00","description":"Explora o Castelo dos Mouros em Sintra, uma das j\u00f3ias de Portugal. A sua hist\u00f3ria, como l\u00e1 chegar, pre\u00e7os dos bilhetes e os nossos conselhos.","breadcrumb":{"@id":"https:\/\/castelodosmouros.com\/pt-pt\/#breadcrumb"},"inLanguage":"pt-PT","potentialAction":[{"@type":"ReadAction","target":["https:\/\/castelodosmouros.com\/pt-pt\/"]}]},{"@type":"BreadcrumbList","@id":"https:\/\/castelodosmouros.com\/pt-pt\/#breadcrumb","itemListElement":[{"@type":"ListItem","position":1,"name":"Accueil","item":"https:\/\/castelodosmouros.com\/pt-pt\/castelo-dos-mouros-em-sintra\/"},{"@type":"ListItem","position":2,"name":"Castelo dos Mouros em Sintra"}]},{"@type":"WebSite","@id":"https:\/\/castelodosmouros.com\/pt-pt\/#website","url":"https:\/\/castelodosmouros.com\/pt-pt\/","name":"CASTELO DOS MOUROS","description":"Sintra","potentialAction":[{"@type":"SearchAction","target":{"@type":"EntryPoint","urlTemplate":"https:\/\/castelodosmouros.com\/pt-pt\/?s={search_term_string}"},"query-input":{"@type":"PropertyValueSpecification","valueRequired":true,"valueName":"search_term_string"}}],"inLanguage":"pt-PT"}]}},"_links":{"self":[{"href":"https:\/\/castelodosmouros.com\/pt-pt\/wp-json\/wp\/v2\/pages\/336","targetHints":{"allow":["GET"]}}],"collection":[{"href":"https:\/\/castelodosmouros.com\/pt-pt\/wp-json\/wp\/v2\/pages"}],"about":[{"href":"https:\/\/castelodosmouros.com\/pt-pt\/wp-json\/wp\/v2\/types\/page"}],"author":[{"embeddable":true,"href":"https:\/\/castelodosmouros.com\/pt-pt\/wp-json\/wp\/v2\/users\/1"}],"replies":[{"embeddable":true,"href":"https:\/\/castelodosmouros.com\/pt-pt\/wp-json\/wp\/v2\/comments?post=336"}],"version-history":[{"count":1,"href":"https:\/\/castelodosmouros.com\/pt-pt\/wp-json\/wp\/v2\/pages\/336\/revisions"}],"predecessor-version":[{"id":691,"href":"https:\/\/castelodosmouros.com\/pt-pt\/wp-json\/wp\/v2\/pages\/336\/revisions\/691"}],"wp:attachment":[{"href":"https:\/\/castelodosmouros.com\/pt-pt\/wp-json\/wp\/v2\/media?parent=336"}],"curies":[{"name":"wp","href":"https:\/\/api.w.org\/{rel}","templated":true}]}}